{"id":3180,"date":"2021-06-03T05:44:01","date_gmt":"2021-06-03T05:44:01","guid":{"rendered":"https:\/\/expresaimagen.com\/?post_type=product&#038;p=3180"},"modified":"2021-06-03T07:32:45","modified_gmt":"2021-06-03T07:32:45","slug":"correo-corporativo-pagina-web-gratis","status":"publish","type":"product","link":"https:\/\/expresaimagen.com\/index.php\/product\/correo-corporativo-pagina-web-gratis\/","title":{"rendered":"Correo corporativo + p\u00e1gina web gratis"},"content":{"rendered":"<ul>\n<li>15 GB SSD Storage<\/li>\n<li>5 TB Bandwidth<\/li>\n<li><strong>1 Dominio .com gratis<\/strong><\/li>\n<li>10 Correos corporativos<\/li>\n<li><strong>5 Correos vinculadas a Gmail<\/strong><\/li>\n<li>SSL Gratuito Let\u2019s Encrypt<\/li>\n<li>Cloud Hosting<\/li>\n<li><strong>P\u00e1gina web gratis<\/strong><\/li>\n<li>2 Backup diarios<\/li>\n<li>1 Dominio administrado<\/li>\n<li>99.9% Uptime Guarantee<\/li>\n<li>Protecci\u00f3n DDoS<\/li>\n<li>24\/7 Soporte<\/li>\n<\/ul>\n","protected":false},"excerpt":{"rendered":"<ul>\n<li>Renovaci\u00f3n\u00a0 <strong><sup>S\/.<\/sup> 170.00<sub>\/a\u00f1o<\/sub><\/strong><\/li>\n<li>Activaci\u00f3n inmediata de correo corporativo<\/li>\n<li>Tiempo de entrega de la p\u00e1gina web entre 2 a 7 d\u00edas h\u00e1biles, condicionado a la cantidad de proyectos en ejecuci\u00f3n.<\/li>\n<\/ul>\n","protected":false},"featured_media":0,"comment_status":"closed","ping_status":"closed","template":"","meta":[],"product_cat":[167],"product_tag":[],"class_list":["post-3180","product","type-product","status-publish","hentry","product_cat-pagina-web-tienda-virtual"],"acf":[],"_links":{"self":[{"href":"https:\/\/expresaimagen.com\/index.php\/wp-json\/wp\/v2\/product\/3180","targetHints":{"allow":["GET"]}}],"collection":[{"href":"https:\/\/expresaimagen.com\/index.php\/wp-json\/wp\/v2\/product"}],"about":[{"href":"https:\/\/expresaimagen.com\/index.php\/wp-json\/wp\/v2\/types\/product"}],"replies":[{"embeddable":true,"href":"https:\/\/expresaimagen.com\/index.php\/wp-json\/wp\/v2\/comments?post=3180"}],"wp:attachment":[{"href":"https:\/\/expresaimagen.com\/index.php\/wp-json\/wp\/v2\/media?parent=3180"}],"wp:term":[{"taxonomy":"product_cat","embeddable":true,"href":"https:\/\/expresaimagen.com\/index.php\/wp-json\/wp\/v2\/product_cat?post=3180"},{"taxonomy":"product_tag","embeddable":true,"href":"https:\/\/expresaimagen.com\/index.php\/wp-json\/wp\/v2\/product_tag?post=3180"}],"curies":[{"name":"wp","href":"https:\/\/api.w.org\/{rel}","templated":true}]}}